{"id":5926,"date":"2021-06-18T10:34:45","date_gmt":"2021-06-18T10:34:45","guid":{"rendered":"https:\/\/laurits.qodeinteractive.com\/?page_id=5926"},"modified":"2021-06-18T10:34:45","modified_gmt":"2021-06-18T10:34:45","slug":"right-sidebar","status":"publish","type":"page","link":"https:\/\/vigilhate.tina.pt\/en\/right-sidebar\/","title":{"rendered":"Right Sidebar"},"content":{"rendered":"<div data-elementor-type=\"wp-page\" data-elementor-id=\"5926\" class=\"elementor elementor-5926\">\n\t\t\t\t\t\t\t\t\t<section class=\"elementor-section elementor-top-section elementor-element elementor-element-f96c7fc elementor-section-boxed elementor-section-height-default elementor-section-height-default qodef-backgound-letter-holder-no qodef-elementor-content-no\" data-id=\"f96c7fc\" data-element_type=\"section\">\n\t\t\t\t\t\t<div class=\"elementor-container elementor-column-gap-default\">\n\t\t\t\t\t<div class=\"elementor-column elementor-col-100 elementor-top-column elementor-element elementor-element-4132ad0\" data-id=\"4132ad0\" data-element_type=\"column\">\n\t\t\t<div class=\"elementor-widget-wrap elementor-element-populated\">\n\t\t\t\t\t\t\t\t<div class=\"elementor-element elementor-element-3ba1d2a elementor-widget elementor-widget-text-editor\" data-id=\"3ba1d2a\" data-element_type=\"widget\" data-widget_type=\"text-editor.default\">\n\t\t\t\t<div class=\"elementor-widget-container\">\n\t\t\t<style>\/*! elementor - v3.10.1 - 17-01-2023 *\/\n.elementor-widget-text-editor.elementor-drop-cap-view-stacked .elementor-drop-cap{background-color:#818a91;color:#fff}.elementor-widget-text-editor.elementor-drop-cap-view-framed .elementor-drop-cap{color:#818a91;border:3px solid;background-color:transparent}.elementor-widget-text-editor:not(.elementor-drop-cap-view-default) .elementor-drop-cap{margin-top:8px}.elementor-widget-text-editor:not(.elementor-drop-cap-view-default) .elementor-drop-cap-letter{width:1em;height:1em}.elementor-widget-text-editor .elementor-drop-cap{float:left;text-align:center;line-height:1;font-size:50px}.elementor-widget-text-editor .elementor-drop-cap-letter{display:inline-block}<\/style>\t\t\t\t<h1>Right Sidebar<\/h1>\t\t\t\t\t\t<\/div>\n\t\t\t\t<\/div>\n\t\t\t\t<div class=\"elementor-element elementor-element-90124e5 elementor-widget elementor-widget-laurits_core_blog_list\" data-id=\"90124e5\" data-element_type=\"widget\" data-widget_type=\"laurits_core_blog_list.default\">\n\t\t\t\t<div class=\"elementor-widget-container\">\n\t\t\t<div class=\"qodef-shortcode qodef-m  qodef-blog qodef--list qodef-item-layout--standard qodef-item-border--no qodef-side-border--on  qodef-hover-animation--yes qodef-appear-animation--no qodef-grid qodef-layout--columns  qodef-gutter--huge qodef-col-num--1 qodef-item-layout--standard qodef-pagination--on qodef-pagination-type--standard qodef-responsive--predefined\" data-options=\"{&quot;plugin&quot;:&quot;laurits_core&quot;,&quot;module&quot;:&quot;blog\\\/shortcodes&quot;,&quot;shortcode&quot;:&quot;blog-list&quot;,&quot;post_type&quot;:&quot;post&quot;,&quot;next_page&quot;:&quot;2&quot;,&quot;max_pages_num&quot;:1,&quot;behavior&quot;:&quot;columns&quot;,&quot;images_proportion&quot;:&quot;full&quot;,&quot;columns&quot;:&quot;1&quot;,&quot;columns_responsive&quot;:&quot;predefined&quot;,&quot;space&quot;:&quot;huge&quot;,&quot;posts_per_page&quot;:&quot;4&quot;,&quot;orderby&quot;:&quot;date&quot;,&quot;order&quot;:&quot;ASC&quot;,&quot;layout&quot;:&quot;standard&quot;,&quot;title_tag&quot;:&quot;h2&quot;,&quot;enable_category&quot;:&quot;yes&quot;,&quot;display_item_border&quot;:&quot;no&quot;,&quot;remove_side_borders&quot;:&quot;no&quot;,&quot;pagination_type&quot;:&quot;standard&quot;,&quot;show_ordering_filter&quot;:&quot;no&quot;,&quot;hover_animation&quot;:&quot;yes&quot;,&quot;items_appear_animation&quot;:&quot;no&quot;,&quot;object_class_name&quot;:&quot;LauritsCore_Blog_List_Shortcode&quot;,&quot;taxonomy_filter&quot;:&quot;category&quot;,&quot;holder_data&quot;:{&quot;data-appearing-delay&quot;:0},&quot;space_value&quot;:35}\" data-appearing-delay=\"0\">\n\t\t<div class=\"qodef-grid-inner clear\">\n\t\t<article class=\"qodef-e qodef-blog-item qodef-grid-item qodef-item--full post-14263 post type-post status-publish format-standard hentry category-eventos\">\n\t<div class=\"qodef-e-inner\">\n\t\t<div class=\"qodef-e-media\">\n\t<\/div>\n\t\t<div class=\"qodef-e-content\">\n\t\t\t<div class=\"qodef-e-top-holder\">\n\t\t\t\t<div class=\"qodef-e-info\">\n\t\t\t\t\t<a itemprop=\"dateCreated\" href=\"https:\/\/vigilhate.tina.pt\/en\/2022\/05\/\" class=\"\">\n\t<svg xmlns=\"http:\/\/www.w3.org\/2000\/svg\" xmlns:xlink=\"http:\/\/www.w3.org\/1999\/xlink\" width=\"16\" height=\"14\" viewbox=\"0 0 16 14\">\n\t\t<g>\n\t\t\t<rect width=\"16\" height=\"14\"\/>\n\t\t\t<rect x=\"0.5\" y=\"0.5\" width=\"15\" height=\"13\"\/>\n\t\t<\/g>\n\t\t<rect width=\"2\" height=\"2\" transform=\"translate(3 4)\"\/>\n\t\t<rect width=\"2\" height=\"2\" transform=\"translate(3 8)\"\/>\n\t\t<rect width=\"2\" height=\"2\" transform=\"translate(7 4)\"\/>\n\t\t<rect width=\"2\" height=\"2\" transform=\"translate(7 8)\"\/>\n\t\t<rect width=\"2\" height=\"2\" transform=\"translate(11 4)\"\/>\n\t\t<rect width=\"2\" height=\"2\" transform=\"translate(11 8)\"\/>\n\t<\/svg>\n\tMay 12, 2022<\/a>\n<div class=\"qodef-info-separator-end\"><\/div>\n\t\t\t\t<\/div>\n\t\t\t<\/div>\n\t\t\t<div class=\"qodef-e-text\">\n\t\t\t\t<h2 itemprop=\"name\" class=\"qodef-e-title entry-title\" >\n\t<a itemprop=\"url\" class=\"qodef-e-title-link\" href=\"https:\/\/vigilhate.tina.pt\/en\/2022\/05\/12\/apresentacao-do-projecto-no-international-conference\/\">\n\t\tProject presentation at the International Conference\t<\/a>\n<\/h2>\n\t\t<p itemprop=\"description\" class=\"qodef-e-excerpt\">Apresenta\u00e7\u00e3o do projecto no International Conference: Young people, social media and online hate speech &#8211; \u201cHow to counter bystander apathy and increase citizens&#8217; commitment against online hate speech?\u201d (12 de Maio de 2022, Faculdade de Psicologia e Ci\u00eancias da Educa\u00e7\u00e3o da Universidade do Porto)<\/p>\n\t\t\t\t<\/div>\n\t\t\t<div class=\"qodef-e-bottom-holder\">\n\t\t\t\t<div class=\"qodef-e-left\">\n\t\t\t\t\t<a href=\"https:\/\/vigilhate.tina.pt\/en\/category\/eventos\/\" rel=\"tag\">Events<\/a>\t\t\t\t<\/div>\n\t\t\t<\/div>\n\t\t<\/div>\n\t<\/div>\n<\/article>\n<article class=\"qodef-e qodef-blog-item qodef-grid-item qodef-item--full post-13373 post type-post status-publish format-standard hentry category-pressrelease\">\n\t<div class=\"qodef-e-inner\">\n\t\t<div class=\"qodef-e-media\">\n\t<\/div>\n\t\t<div class=\"qodef-e-content\">\n\t\t\t<div class=\"qodef-e-top-holder\">\n\t\t\t\t<div class=\"qodef-e-info\">\n\t\t\t\t\t<a itemprop=\"dateCreated\" href=\"https:\/\/vigilhate.tina.pt\/en\/2022\/07\/\" class=\"\">\n\t<svg xmlns=\"http:\/\/www.w3.org\/2000\/svg\" xmlns:xlink=\"http:\/\/www.w3.org\/1999\/xlink\" width=\"16\" height=\"14\" viewbox=\"0 0 16 14\">\n\t\t<g>\n\t\t\t<rect width=\"16\" height=\"14\"\/>\n\t\t\t<rect x=\"0.5\" y=\"0.5\" width=\"15\" height=\"13\"\/>\n\t\t<\/g>\n\t\t<rect width=\"2\" height=\"2\" transform=\"translate(3 4)\"\/>\n\t\t<rect width=\"2\" height=\"2\" transform=\"translate(3 8)\"\/>\n\t\t<rect width=\"2\" height=\"2\" transform=\"translate(7 4)\"\/>\n\t\t<rect width=\"2\" height=\"2\" transform=\"translate(7 8)\"\/>\n\t\t<rect width=\"2\" height=\"2\" transform=\"translate(11 4)\"\/>\n\t\t<rect width=\"2\" height=\"2\" transform=\"translate(11 8)\"\/>\n\t<\/svg>\n\tJuly 15, 2022<\/a>\n<div class=\"qodef-info-separator-end\"><\/div>\n\t\t\t\t<\/div>\n\t\t\t<\/div>\n\t\t\t<div class=\"qodef-e-text\">\n\t\t\t\t<h2 itemprop=\"name\" class=\"qodef-e-title entry-title\" >\n\t<a itemprop=\"url\" class=\"qodef-e-title-link\" href=\"https:\/\/vigilhate.tina.pt\/en\/2022\/07\/15\/divulgacao-da-fundacao-la-caixa-sobre-um-dos-projetos-vencedores-do-concurso-de-investigacao-social-da-fundacao-la-caixa-em-conjunto-com-o-banco-bpi-em-2020-vigilhate-vigilant-citizens-aga\/\">\n\t\tDissemination of winning projects approved by the \"la Caixa\" Foundation <p><a rel=\"noreferrer noopener\" href=\"https:\/\/www.facebook.com\/fundlacaixapt\/photos\/a.1748679821847078\/3906649402716765\/\" data-type=\"URL\" data-id=\"https:\/\/www.facebook.com\/fundlacaixapt\/photos\/a.1748679821847078\/3906649402716765\/\" target=\"_blank\">+ Info<\/a><\/p>\t<\/a>\n<\/h2>\n\t\t<p itemprop=\"description\" class=\"qodef-e-excerpt\">Promotion of the project VigilHate - Vigilant citizens against hate: How to counter bystander apathy and increase citizens' commitment against online hate speech? - one of the selected projects in the 2020 Social Research Call of the \"la Caixa\" Foundation in conjunction with BPI Bank.<\/p>\n\t\t\t\t<\/div>\n\t\t\t<div class=\"qodef-e-bottom-holder\">\n\t\t\t\t<div class=\"qodef-e-left\">\n\t\t\t\t\t<a href=\"https:\/\/vigilhate.tina.pt\/en\/category\/pressrelease\/\" rel=\"tag\">Press Release<\/a>\t\t\t\t<\/div>\n\t\t\t<\/div>\n\t\t<\/div>\n\t<\/div>\n<\/article>\n<article class=\"qodef-e qodef-blog-item qodef-grid-item qodef-item--full post-13805 post type-post status-publish format-standard hentry category-pressrelease\">\n\t<div class=\"qodef-e-inner\">\n\t\t<div class=\"qodef-e-media\">\n\t<\/div>\n\t\t<div class=\"qodef-e-content\">\n\t\t\t<div class=\"qodef-e-top-holder\">\n\t\t\t\t<div class=\"qodef-e-info\">\n\t\t\t\t\t<a itemprop=\"dateCreated\" href=\"https:\/\/vigilhate.tina.pt\/en\/2022\/07\/\" class=\"\">\n\t<svg xmlns=\"http:\/\/www.w3.org\/2000\/svg\" xmlns:xlink=\"http:\/\/www.w3.org\/1999\/xlink\" width=\"16\" height=\"14\" viewbox=\"0 0 16 14\">\n\t\t<g>\n\t\t\t<rect width=\"16\" height=\"14\"\/>\n\t\t\t<rect x=\"0.5\" y=\"0.5\" width=\"15\" height=\"13\"\/>\n\t\t<\/g>\n\t\t<rect width=\"2\" height=\"2\" transform=\"translate(3 4)\"\/>\n\t\t<rect width=\"2\" height=\"2\" transform=\"translate(3 8)\"\/>\n\t\t<rect width=\"2\" height=\"2\" transform=\"translate(7 4)\"\/>\n\t\t<rect width=\"2\" height=\"2\" transform=\"translate(7 8)\"\/>\n\t\t<rect width=\"2\" height=\"2\" transform=\"translate(11 4)\"\/>\n\t\t<rect width=\"2\" height=\"2\" transform=\"translate(11 8)\"\/>\n\t<\/svg>\n\tJuly 15, 2022<\/a>\n<div class=\"qodef-info-separator-end\"><\/div>\n\t\t\t\t<\/div>\n\t\t\t<\/div>\n\t\t\t<div class=\"qodef-e-text\">\n\t\t\t\t<h2 itemprop=\"name\" class=\"qodef-e-title entry-title\" >\n\t<a itemprop=\"url\" class=\"qodef-e-title-link\" href=\"https:\/\/vigilhate.tina.pt\/en\/2022\/07\/15\/entrevista-com-a-professora-isabel-r-pinto-efeito-do-espectador-da-empatia-individual-a-apatia-coletiva\/\">\n\t\tInterview with Professor Isabel R. Pinto \"Bystander effect: from individual empathy to collective apathy\" <p><a href=\"https:\/\/www.noticiasmagazine.pt\/2021\/efeito-do-espectador-da-empatia-individual-a-apatia-coletiva\/estilos\/comportamento\/263438\/\" data-type=\"URL\" data-id=\"https:\/\/www.noticiasmagazine.pt\/2021\/efeito-do-espectador-da-empatia-individual-a-apatia-coletiva\/estilos\/comportamento\/263438\/\"target=\"_blank\">+ Info<\/a><\/p>\t<\/a>\n<\/h2>\n\t\t<p itemprop=\"description\" class=\"qodef-e-excerpt\">In this interview with Not\u00edcias Magazine, Professor Isabel R. Pinto discusses the psychosocial processes that promote citizens' apathy (bystander effect) towards hate speech.<\/p>\n\t\t\t\t<\/div>\n\t\t\t<div class=\"qodef-e-bottom-holder\">\n\t\t\t\t<div class=\"qodef-e-left\">\n\t\t\t\t\t<a href=\"https:\/\/vigilhate.tina.pt\/en\/category\/pressrelease\/\" rel=\"tag\">Press Release<\/a>\t\t\t\t<\/div>\n\t\t\t<\/div>\n\t\t<\/div>\n\t<\/div>\n<\/article>\n<article class=\"qodef-e qodef-blog-item qodef-grid-item qodef-item--full post-13986 post type-post status-publish format-standard hentry category-oportunidades\">\n\t<div class=\"qodef-e-inner\">\n\t\t<div class=\"qodef-e-media\">\n\t<\/div>\n\t\t<div class=\"qodef-e-content\">\n\t\t\t<div class=\"qodef-e-top-holder\">\n\t\t\t\t<div class=\"qodef-e-info\">\n\t\t\t\t\t<a itemprop=\"dateCreated\" href=\"https:\/\/vigilhate.tina.pt\/en\/2022\/10\/\" class=\"\">\n\t<svg xmlns=\"http:\/\/www.w3.org\/2000\/svg\" xmlns:xlink=\"http:\/\/www.w3.org\/1999\/xlink\" width=\"16\" height=\"14\" viewbox=\"0 0 16 14\">\n\t\t<g>\n\t\t\t<rect width=\"16\" height=\"14\"\/>\n\t\t\t<rect x=\"0.5\" y=\"0.5\" width=\"15\" height=\"13\"\/>\n\t\t<\/g>\n\t\t<rect width=\"2\" height=\"2\" transform=\"translate(3 4)\"\/>\n\t\t<rect width=\"2\" height=\"2\" transform=\"translate(3 8)\"\/>\n\t\t<rect width=\"2\" height=\"2\" transform=\"translate(7 4)\"\/>\n\t\t<rect width=\"2\" height=\"2\" transform=\"translate(7 8)\"\/>\n\t\t<rect width=\"2\" height=\"2\" transform=\"translate(11 4)\"\/>\n\t\t<rect width=\"2\" height=\"2\" transform=\"translate(11 8)\"\/>\n\t<\/svg>\n\tOctober 1, 2022<\/a>\n<div class=\"qodef-info-separator-end\"><\/div>\n\t\t\t\t<\/div>\n\t\t\t<\/div>\n\t\t\t<div class=\"qodef-e-text\">\n\t\t\t\t<h2 itemprop=\"name\" class=\"qodef-e-title entry-title\" >\n\t<a itemprop=\"url\" class=\"qodef-e-title-link\" href=\"https:\/\/vigilhate.tina.pt\/en\/2022\/10\/01\/oportunidade-programa-de-iniciacao-a-investigacao-para-estudantes-do-1o-ciclo-init-fpceup-2021-2022\/\">\n\t\tOpportunity: Research Initiation Program for 1st cycle students (INiT) FPCEUP 2021\/2022. Applications until November 1st!<p><a href=\"https:\/\/sigarra.up.pt\/fpceup\/pt\/noticias_geral.ver_noticia?p_amo_id=&#038;p_nr=62857&#038;p_pnr=2\" data-type=\"URL\" target=\"_blank\" rel=\"noreferrer noopener\">+ Info<\/a><\/p>\t<\/a>\n<\/h2>\n\t\t<p itemprop=\"description\" class=\"qodef-e-excerpt\">Respons\u00e1veis: Isabel R. Pinto e Catarina Carvalho Tem\u00e1tica: Processos associados a discurso de \u00f3dio Descri\u00e7\u00e3o do projeto: O laborat\u00f3rio de Psicologia Social encontra-se com projetos financiados no \u00e2mbito do discurso de \u00f3dio dirigido a grupos vulner\u00e1veis. O objetivo \u00e9 investigar quais os processos que explicam a ado\u00e7\u00e3o de discurso de \u00f3dio nas redes sociais, assim [&hellip;]<\/p>\n\t\t\t\t<\/div>\n\t\t\t<div class=\"qodef-e-bottom-holder\">\n\t\t\t\t<div class=\"qodef-e-left\">\n\t\t\t\t\t<a href=\"https:\/\/vigilhate.tina.pt\/en\/category\/oportunidades\/\" rel=\"tag\">Opportunities<\/a>\t\t\t\t<\/div>\n\t\t\t<\/div>\n\t\t<\/div>\n\t<\/div>\n<\/article>\n\t<\/div>\n\t<\/div>\n\t\t<\/div>\n\t\t\t\t<\/div>\n\t\t\t\t\t<\/div>\n\t\t<\/div>\n\t\t\t\t\t\t\t<\/div>\n\t\t<\/section>\n\t\t\t\t\t\t\t<\/div>","protected":false},"excerpt":{"rendered":"<p>Right Sidebar June 15, 2021 Meet all of the current artists Lorem ipsum dolor sit amet, consectetur adipiscing elit, sed do eiusmod tempor incididunt ut labore et dolore magna aliqua. Ut enim ad minim veniam, quis nostrud exercitation ullamco laboris nisi ut aliquip ex ea commodo consequat. Duis aute irure dolor in reprehenderit in voluptate [&hellip;]<\/p>","protected":false},"author":1,"featured_media":0,"parent":0,"menu_order":0,"comment_status":"closed","ping_status":"closed","template":"","meta":{"footnotes":""},"class_list":["post-5926","page","type-page","status-publish","hentry"],"_links":{"self":[{"href":"https:\/\/vigilhate.tina.pt\/en\/wp-json\/wp\/v2\/pages\/5926","targetHints":{"allow":["GET"]}}],"collection":[{"href":"https:\/\/vigilhate.tina.pt\/en\/wp-json\/wp\/v2\/pages"}],"about":[{"href":"https:\/\/vigilhate.tina.pt\/en\/wp-json\/wp\/v2\/types\/page"}],"author":[{"embeddable":true,"href":"https:\/\/vigilhate.tina.pt\/en\/wp-json\/wp\/v2\/users\/1"}],"replies":[{"embeddable":true,"href":"https:\/\/vigilhate.tina.pt\/en\/wp-json\/wp\/v2\/comments?post=5926"}],"version-history":[{"count":0,"href":"https:\/\/vigilhate.tina.pt\/en\/wp-json\/wp\/v2\/pages\/5926\/revisions"}],"wp:attachment":[{"href":"https:\/\/vigilhate.tina.pt\/en\/wp-json\/wp\/v2\/media?parent=5926"}],"curies":[{"name":"wp","href":"https:\/\/api.w.org\/{rel}","templated":true}]}}