{"id":12972,"date":"2022-06-08T11:07:34","date_gmt":"2022-06-08T11:07:34","guid":{"rendered":"https:\/\/educhate.tina.pt\/wp\/?page_id=12972"},"modified":"2023-03-24T18:04:23","modified_gmt":"2023-03-24T18:04:23","slug":"main-home-1","status":"publish","type":"page","link":"https:\/\/vigilhate.tina.pt\/en\/","title":{"rendered":"E_Main Home"},"content":{"rendered":"<div data-elementor-type=\"wp-page\" data-elementor-id=\"12972\" class=\"elementor elementor-12972\">\n\t\t\t\t\t\t\t\t\t<section class=\"elementor-section elementor-top-section elementor-element elementor-element-03e9689 elementor-section-full_width elementor-section-height-default elementor-section-height-default qodef-backgound-letter-holder-no qodef-elementor-content-no\" data-id=\"03e9689\" data-element_type=\"section\">\n\t\t\t\t\t\t<div class=\"elementor-container elementor-column-gap-default\">\n\t\t\t\t\t<div class=\"elementor-column elementor-col-100 elementor-top-column elementor-element elementor-element-cbfff71\" data-id=\"cbfff71\" data-element_type=\"column\">\n\t\t\t<div class=\"elementor-widget-wrap elementor-element-populated\">\n\t\t\t\t\t\t\t\t<div class=\"elementor-element elementor-element-771827a elementor-widget elementor-widget-image\" data-id=\"771827a\" data-element_type=\"widget\" data-widget_type=\"image.default\">\n\t\t\t\t<div class=\"elementor-widget-container\">\n\t\t\t<style>\/*! elementor - v3.10.1 - 17-01-2023 *\/\n.elementor-widget-image{text-align:center}.elementor-widget-image a{display:inline-block}.elementor-widget-image a img[src$=\".svg\"]{width:48px}.elementor-widget-image img{vertical-align:middle;display:inline-block}<\/style>\t\t\t\t\t\t\t\t\t\t\t\t<img decoding=\"async\" src=\"https:\/\/vigilhate.tina.pt\/wp-content\/uploads\/2023\/02\/VIGILHATE_Homepage.png\" title=\"VIGILHATE_Homepage\" alt=\"VIGILHATE_Homepage\" loading=\"lazy\" \/>\t\t\t\t\t\t\t\t\t\t\t\t\t\t\t<\/div>\n\t\t\t\t<\/div>\n\t\t\t\t\t<\/div>\n\t\t<\/div>\n\t\t\t\t\t\t\t<\/div>\n\t\t<\/section>\n\t\t\t\t<section class=\"elementor-section elementor-top-section elementor-element elementor-element-ea2f62c elementor-section-full_width elementor-section-height-default elementor-section-height-default qodef-backgound-letter-holder-no qodef-elementor-content-no\" data-id=\"ea2f62c\" data-element_type=\"section\" data-settings=\"{&quot;background_background&quot;:&quot;classic&quot;}\">\n\t\t\t\t\t\t<div class=\"elementor-container elementor-column-gap-default\">\n\t\t\t\t\t<div class=\"elementor-column elementor-col-50 elementor-top-column elementor-element elementor-element-85ccd92\" data-id=\"85ccd92\" data-element_type=\"column\" data-settings=\"{&quot;background_background&quot;:&quot;classic&quot;}\">\n\t\t\t<div class=\"elementor-widget-wrap elementor-element-populated\">\n\t\t\t\t\t<div class=\"elementor-background-overlay\"><\/div>\n\t\t\t\t\t\t\t\t<div class=\"elementor-element elementor-element-084677f elementor-widget__width-initial elementor-widget-tablet__width-inherit elementor-widget elementor-widget-laurits_core_info_section\" data-id=\"084677f\" data-element_type=\"widget\" data-widget_type=\"laurits_core_info_section.default\">\n\t\t\t\t<div class=\"elementor-widget-container\">\n\t\t\t<div class=\"qodef-shortcode qodef-m  qodef-info-section qodef-info-section-420 qodef-layout--default   qodef-appear-animation--yes qodef-zoom-scroll-animation--no\" style=\"height: 1300px\">\n\t<div class=\"qodef-m-info qodef-info-top-align\">\n\t\t\t<span class=\"qodef-m-tagline\" >\n\t\tProject\t<\/span>\n\t\t\t<h2 class=\"qodef-m-title\" style=\"color: #000000\">\n\t\t\"VIGILANT CITIZENS AGAINST HATE\": How to counter bystander apathy and increase citizens' commitment against online hate speech?\t<\/h2>\n\t\t\t<p class=\"qodef-m-text\" >This project addresses a key social challenge we face around the world: how to prevent and combat online hate speech, particularly against immigrants. Specifically, this project focuses on the role of ordinary citizens who passively witness hate speech without reporting it. Such passive behavior contributes to obscure the real magnitude of these crimes and to indirectly legitimize and perpetuate their occurrence. Thus, the aim of this project is to study and test mechanisms to increase moral self-regulation in order to monitor and report online hate speech, empowering citizens about their responsibility in the process of reporting online hate speech, reducing bystander apathy. We hope that this project will contribute to the promotion of a more responsible use of social networks, with greater concern for respect for human dignity, social justice and democratic values.<\/p>\n\t\t\t<div class=\"qodef-m-button\">\n\t\t<a class=\"qodef-shortcode qodef-m  qodef-button qodef-layout--textual  qodef-html--link\" href=\"https:\/\/vigilhate.fpce.up.pt\/?page_id=12978\" target=\"_self\"  >\t<span class=\"qodef-m-text\">+ Info<\/span><\/a>\t\t\t<\/div>\n\t<\/div>\n\t<div class=\"qodef-m-info-bottom\">\n\t\t\t\t<div class=\"qodef-m-item qodef-e\">\n\t<div class=\"qodef-shortcode qodef-m  qodef-social-links qodef-items-direction--vertical qodef-items-underline qodef-items-align--left qodef-appear-animation--yes\" data-appearing-delay=\"540\">\t<div class=\"qodef-m-items\">\t\t<div class=\"qodef-m-item qodef-e\" ><\/div>\t<\/div><\/div><\/div>\t<\/div>\n<\/div>\n\t\t<\/div>\n\t\t\t\t<\/div>\n\t\t\t\t\t<\/div>\n\t\t<\/div>\n\t\t\t\t<div class=\"elementor-column elementor-col-50 elementor-top-column elementor-element elementor-element-780ea6b\" data-id=\"780ea6b\" data-element_type=\"column\">\n\t\t\t<div class=\"elementor-widget-wrap elementor-element-populated\">\n\t\t\t\t\t\t\t\t<div class=\"elementor-element elementor-element-db0a8ff elementor-widget__width-initial elementor-widget-tablet__width-inherit elementor-widget elementor-widget-laurits_core_info_section\" data-id=\"db0a8ff\" data-element_type=\"widget\" data-widget_type=\"laurits_core_info_section.default\">\n\t\t\t\t<div class=\"elementor-widget-container\">\n\t\t\t<div class=\"qodef-shortcode qodef-m  qodef-info-section qodef-info-section-879 qodef-layout--default   qodef-appear-animation--yes qodef-zoom-scroll-animation--no\" style=\"height: 731px\">\n\t<div class=\"qodef-m-info qodef-info-top-align\">\n\t\t\t<span class=\"qodef-m-tagline\" >\n\t\tTeam\t<\/span>\n\t\t\t\t\t<p class=\"qodef-m-text\" >Isabel R. Pinto <\/br>\nCatarina L. Carvalho <\/br>\nC\u00e1tia de Carvalho <\/br>\nSara G. Alves <\/br>\nM\u00e1rcia Bernardo<\/p>\n\t\t\t<div class=\"qodef-m-button\">\n\t\t<a class=\"qodef-shortcode qodef-m  qodef-button qodef-layout--textual  qodef-html--link\" href=\"https:\/\/vigilhate.fpce.up.pt\/our-team-1-2\/\" target=\"_self\"  >\t<span class=\"qodef-m-text\">+ Info<\/span><\/a>\t\t\t<\/div>\n\t<\/div>\n\t<div class=\"qodef-m-info-bottom\">\n\t\t\t\t<div class=\"qodef-m-item qodef-e\">\n\t<div class=\"qodef-shortcode qodef-m  qodef-social-links qodef-items-direction--vertical qodef-items-underline qodef-items-align--left qodef-appear-animation--yes\" data-appearing-delay=\"540\">\t<div class=\"qodef-m-items\">\t\t<div class=\"qodef-m-item qodef-e\" ><\/div>\t<\/div><\/div><\/div>\t<\/div>\n<\/div>\n\t\t<\/div>\n\t\t\t\t<\/div>\n\t\t\t\t\t<\/div>\n\t\t<\/div>\n\t\t\t\t\t\t\t<\/div>\n\t\t<\/section>\n\t\t\t\t<section class=\"elementor-section elementor-top-section elementor-element elementor-element-2ca2d85 elementor-section-full_width elementor-section-height-min-height elementor-section-items-stretch elementor-section-height-default qodef-backgound-letter-holder-no qodef-elementor-content-no\" data-id=\"2ca2d85\" data-element_type=\"section\" data-settings=\"{&quot;background_background&quot;:&quot;classic&quot;}\">\n\t\t\t\t\t\t<div class=\"elementor-container elementor-column-gap-default\">\n\t\t\t\t\t<div class=\"elementor-column elementor-col-50 elementor-top-column elementor-element elementor-element-17b6b2a\" data-id=\"17b6b2a\" data-element_type=\"column\" data-settings=\"{&quot;background_background&quot;:&quot;classic&quot;}\">\n\t\t\t<div class=\"elementor-widget-wrap elementor-element-populated\">\n\t\t\t\t\t\t\t\t<div class=\"elementor-element elementor-element-3cd642c elementor-widget__width-initial elementor-widget-tablet__width-inherit elementor-widget elementor-widget-laurits_core_info_section\" data-id=\"3cd642c\" data-element_type=\"widget\" data-widget_type=\"laurits_core_info_section.default\">\n\t\t\t\t<div class=\"elementor-widget-container\">\n\t\t\t<div class=\"qodef-shortcode qodef-m  qodef-info-section qodef-info-section-57 qodef-layout--default  qodef-title-break--disabled qodef-appear-animation--no qodef-zoom-scroll-animation--no\" style=\"height: 638px\">\n\t<div class=\"qodef-m-info qodef-info-top-align\">\n\t\t\t\t\t<h3 class=\"qodef-m-title\" style=\"color: #FFFFFF\">\n\t\tDisclosure VigilHate\t<\/h3>\n\t\t\t<p class=\"qodef-m-text\" style=\"color: #FFFFFF\">Disclosure of the \"la Caixa\" Foundation on one of the winning projects of the Social Research Contest of the Foundation \"la Caixa\" together with BPI Bank in 2020 - VigilHate: Vigilant citizens against hate: How to counter bystander apathy and increase citizens' commitment against online hate speech?<\/p>\n\t\t\t<div class=\"qodef-m-button\">\n\t\t<a class=\"qodef-shortcode qodef-m  qodef-button qodef-layout--textual  qodef-html--link\" href=\"https:\/\/vigilhate.fpce.up.pt\/?p=13373\" target=\"_self\"  style=\"color: #FFFFFF;margin: -5px 0px 0px 0px\">\t<span class=\"qodef-m-text\">+ info<\/span><\/a>\t\t\t<\/div>\n\t<\/div>\n\t<div class=\"qodef-m-info-bottom\">\n\t\t\t<p class=\"qodef-m-text-bottom\">\n\n<\/p>\n\t\t<div class=\"qodef-m-item qodef-e\">\n\t<div class=\"qodef-shortcode qodef-m  qodef-social-links qodef-items-direction--vertical qodef-items-underline qodef-items-align--left qodef-appear-animation--no\" data-appearing-delay=\"0\">\t<div class=\"qodef-m-items\">\t\t\t<\/div><\/div><\/div>\t<\/div>\n<\/div>\n\t\t<\/div>\n\t\t\t\t<\/div>\n\t\t\t\t\t<\/div>\n\t\t<\/div>\n\t\t\t\t<div class=\"elementor-column elementor-col-50 elementor-top-column elementor-element elementor-element-226e103\" data-id=\"226e103\" data-element_type=\"column\" data-settings=\"{&quot;background_background&quot;:&quot;slideshow&quot;,&quot;background_slideshow_gallery&quot;:[{&quot;id&quot;:13915,&quot;url&quot;:&quot;https:\\\/\\\/vigilhate.fpce.up.pt\\\/wp-content\\\/uploads\\\/2023\\\/02\\\/IMAGE_07-Pb.jpg&quot;}],&quot;background_slideshow_loop&quot;:&quot;yes&quot;,&quot;background_slideshow_slide_duration&quot;:5000,&quot;background_slideshow_slide_transition&quot;:&quot;fade&quot;,&quot;background_slideshow_transition_duration&quot;:500}\">\n\t\t\t<div class=\"elementor-widget-wrap\">\n\t\t\t\t\t\t\t\t\t<\/div>\n\t\t<\/div>\n\t\t\t\t\t\t\t<\/div>\n\t\t<\/section>\n\t\t\t\t<section class=\"elementor-section elementor-top-section elementor-element elementor-element-bb00ac9 elementor-section-height-min-height elementor-section-boxed elementor-section-height-default elementor-section-items-middle qodef-backgound-letter-holder-no qodef-elementor-content-no\" data-id=\"bb00ac9\" data-element_type=\"section\">\n\t\t\t\t\t\t<div class=\"elementor-container elementor-column-gap-default\">\n\t\t\t\t\t<div class=\"elementor-column elementor-col-100 elementor-top-column elementor-element elementor-element-7d7482c\" data-id=\"7d7482c\" data-element_type=\"column\">\n\t\t\t<div class=\"elementor-widget-wrap\">\n\t\t\t\t\t\t\t\t\t<\/div>\n\t\t<\/div>\n\t\t\t\t\t\t\t<\/div>\n\t\t<\/section>\n\t\t\t\t\t\t\t<\/div>","protected":false},"excerpt":{"rendered":"<p>projeto &#8220;CIDAD\u00c3OS VIGILANTES CONTRA O \u00d3DIO&#8221;: Como combater a apatia das testemunhas e aumentar o compromisso dos cidad\u00e3os contra o discurso de \u00f3dio online? Este projeto aborda um desafio social chave que enfrentamos em todo o mundo: como prevenir e combater o discurso de \u00f3dio online, em particular contra os imigrantes. Especificamente, este projeto centra-se [&hellip;]<\/p>","protected":false},"author":1,"featured_media":0,"parent":0,"menu_order":0,"comment_status":"closed","ping_status":"closed","template":"page-full-width.php","meta":{"footnotes":""},"class_list":["post-12972","page","type-page","status-publish","hentry"],"_links":{"self":[{"href":"https:\/\/vigilhate.tina.pt\/en\/wp-json\/wp\/v2\/pages\/12972","targetHints":{"allow":["GET"]}}],"collection":[{"href":"https:\/\/vigilhate.tina.pt\/en\/wp-json\/wp\/v2\/pages"}],"about":[{"href":"https:\/\/vigilhate.tina.pt\/en\/wp-json\/wp\/v2\/types\/page"}],"author":[{"embeddable":true,"href":"https:\/\/vigilhate.tina.pt\/en\/wp-json\/wp\/v2\/users\/1"}],"replies":[{"embeddable":true,"href":"https:\/\/vigilhate.tina.pt\/en\/wp-json\/wp\/v2\/comments?post=12972"}],"version-history":[{"count":309,"href":"https:\/\/vigilhate.tina.pt\/en\/wp-json\/wp\/v2\/pages\/12972\/revisions"}],"predecessor-version":[{"id":14191,"href":"https:\/\/vigilhate.tina.pt\/en\/wp-json\/wp\/v2\/pages\/12972\/revisions\/14191"}],"wp:attachment":[{"href":"https:\/\/vigilhate.tina.pt\/en\/wp-json\/wp\/v2\/media?parent=12972"}],"curies":[{"name":"wp","href":"https:\/\/api.w.org\/{rel}","templated":true}]}}